{"id":19058,"date":"2022-02-28T11:55:56","date_gmt":"2022-02-28T11:55:56","guid":{"rendered":"https:\/\/vulpe.ee\/toode\/unisex-sweatshirt-2\/"},"modified":"2022-03-04T11:54:29","modified_gmt":"2022-03-04T11:54:29","slug":"vulpe-ukraina-unisex-pusa","status":"publish","type":"product","link":"https:\/\/www.vulpe.ee\/en\/toode\/vulpe-ukraina-unisex-pusa\/","title":{"rendered":"Vulpe Ukraina Unisex pusa"},"content":{"rendered":"<p>Ukraina toetuse eri!<br \/>\nKogu tulust annetame 50% Eesti Punasele ristile<br \/>\nhttps:\/\/redcross.ee\/anneta\/ukraina\/<\/p>\n<p>Meie ainulaadsed prinditud pusad on t\u00e4pse l\u00f5ikega ning k\u00e4sitsi \u00f5mmeldud, et saavutada parim tulemus Materjal on vastupidav, v\u00e4ljast puuvillaselt pehme ning seestpoolt kaetud fliisiga. Sellest saab teie lemmik pusa, mis hoiab teid alati soojas.<\/p>\n<p>\u2022 70% pol\u00fcester, 27% puuvill, 3% elastaan<br \/>\n\u2022 V\u00e4ljast puuvillaselt pehme<br \/>\n\u2022 Sees pehme fliis<br \/>\n\u2022 Unisex l\u00f5ige<br \/>\n\u2022 Overlock \u00f5mblused<br \/>\n\u2022 Toodetud Euroopas<br \/>\n\u2022 Toode ei ole laoartikkel. See on eritellimusel valmistatud (tr\u00fckitud, \u00f5mmeldud) toode spetsiaalselt sinu jaoks.<br \/>\n\u2022 Toote v\u00e4rvid v\u00f5ivad erineda sellest, mida n\u00e4ed oma ekraanil.<\/p>\n","protected":false},"excerpt":{"rendered":"<p>Ukraina toetuse eri!<br \/>\nKogu tulust annetame 50% Eesti Punasele ristile<br \/>\nhttps:\/\/redcross.ee\/anneta\/ukraina\/<\/p>\n","protected":false},"featured_media":19068,"template":"","meta":[],"product_cat":[120,111],"product_tag":[],"class_list":{"0":"post-19058","1":"product","2":"type-product","3":"status-publish","4":"has-post-thumbnail","6":"product_cat-ukraina","7":"product_cat-vulpe","9":"first","10":"instock","11":"taxable","12":"shipping-taxable","13":"purchasable","14":"product-type-variable"},"yoast_head":"<!-- This site is optimized with the Yoast SEO plugin v23.5 - https:\/\/yoast.com\/wordpress\/plugins\/seo\/ -->\n<title>Vulpe Ukraina Unisex pusa - Vulpe<\/title>\n<meta name=\"robots\" content=\"index, follow, max-snippet:-1, max-image-preview:large, max-video-preview:-1\" \/>\n<link rel=\"canonical\" href=\"https:\/\/vulpe.ee\/toode\/vulpe-ukraina-unisex-pusa\/\" \/>\n<meta property=\"og:locale\" content=\"en_US\" \/>\n<meta property=\"og:locale:alternate\" content=\"et\" \/>\n<meta property=\"og:locale:alternate\" content=\"ru_RU\" \/>\n<meta property=\"og:type\" content=\"article\" \/>\n<meta property=\"og:title\" content=\"Vulpe Ukraina Unisex pusa\" \/>\n<meta property=\"og:description\" content=\"Ukraina toetuse eri! Kogu tulust annetame 50% Eesti Punasele ristile https:\/\/redcross.ee\/anneta\/ukraina\/\" \/>\n<meta property=\"og:url\" content=\"https:\/\/www.vulpe.ee\/en\/toode\/vulpe-ukraina-unisex-pusa\/\" \/>\n<meta property=\"og:site_name\" content=\"Vulpe\" \/>\n<meta property=\"article:modified_time\" content=\"2022-03-04T11:54:29+00:00\" \/>\n<meta property=\"og:image\" content=\"https:\/\/vulpe.ee\/wp-content\/uploads\/2022\/02\/all-over-print-unisex-sweatshirt-white-front-621cb83d9f29d.jpg\" \/>\n\t<meta property=\"og:image:width\" content=\"1000\" \/>\n\t<meta property=\"og:image:height\" content=\"1000\" \/>\n\t<meta property=\"og:image:type\" content=\"image\/jpeg\" \/>\n<meta name=\"twitter:card\" content=\"summary_large_image\" \/>\n<script type=\"application\/ld+json\" class=\"yoast-schema-graph\">{\"@context\":\"https:\/\/schema.org\",\"@graph\":[{\"@type\":\"WebPage\",\"@id\":\"https:\/\/vulpe.ee\/toode\/vulpe-ukraina-unisex-pusa\/\",\"url\":\"https:\/\/vulpe.ee\/toode\/vulpe-ukraina-unisex-pusa\/\",\"name\":\"Vulpe Ukraina Unisex pusa\",\"isPartOf\":{\"@id\":\"https:\/\/vulpe.ee\/ru\/#website\"},\"primaryImageOfPage\":{\"@id\":\"https:\/\/vulpe.ee\/toode\/vulpe-ukraina-unisex-pusa\/#primaryimage\"},\"image\":{\"@id\":\"https:\/\/vulpe.ee\/toode\/vulpe-ukraina-unisex-pusa\/#primaryimage\"},\"thumbnailUrl\":\"https:\/\/vulpe.ee\/wp-content\/uploads\/2022\/02\/all-over-print-unisex-sweatshirt-white-front-621cb83d9f29d.jpg\",\"datePublished\":\"2022-02-28T11:55:56+00:00\",\"dateModified\":\"2022-03-04T11:54:29+00:00\",\"breadcrumb\":{\"@id\":\"https:\/\/vulpe.ee\/toode\/vulpe-ukraina-unisex-pusa\/#breadcrumb\"},\"inLanguage\":\"en-US\",\"potentialAction\":[{\"@type\":\"ReadAction\",\"target\":[\"https:\/\/vulpe.ee\/toode\/vulpe-ukraina-unisex-pusa\/\"]}]},{\"@type\":\"ImageObject\",\"inLanguage\":\"en-US\",\"@id\":\"https:\/\/vulpe.ee\/toode\/vulpe-ukraina-unisex-pusa\/#primaryimage\",\"url\":\"https:\/\/vulpe.ee\/wp-content\/uploads\/2022\/02\/all-over-print-unisex-sweatshirt-white-front-621cb83d9f29d.jpg\",\"contentUrl\":\"https:\/\/vulpe.ee\/wp-content\/uploads\/2022\/02\/all-over-print-unisex-sweatshirt-white-front-621cb83d9f29d.jpg\",\"width\":1000,\"height\":1000},{\"@type\":\"BreadcrumbList\",\"@id\":\"https:\/\/vulpe.ee\/toode\/vulpe-ukraina-unisex-pusa\/#breadcrumb\",\"itemListElement\":[{\"@type\":\"ListItem\",\"position\":1,\"name\":\"Home\",\"item\":\"https:\/\/vulpe.ee\/ru\/\"},{\"@type\":\"ListItem\",\"position\":2,\"name\":\"Pood\",\"item\":\"https:\/\/vulpe.ee\/ru\/pood\/\"},{\"@type\":\"ListItem\",\"position\":3,\"name\":\"Vulpe Ukraina Unisex pusa\"}]},{\"@type\":\"WebSite\",\"@id\":\"https:\/\/vulpe.ee\/ru\/#website\",\"url\":\"https:\/\/vulpe.ee\/ru\/\",\"name\":\"Vulpe\",\"description\":\"\",\"publisher\":{\"@id\":\"https:\/\/vulpe.ee\/ru\/#organization\"},\"potentialAction\":[{\"@type\":\"SearchAction\",\"target\":{\"@type\":\"EntryPoint\",\"urlTemplate\":\"https:\/\/vulpe.ee\/ru\/?s={search_term_string}\"},\"query-input\":{\"@type\":\"PropertyValueSpecification\",\"valueRequired\":true,\"valueName\":\"search_term_string\"}}],\"inLanguage\":\"en-US\"},{\"@type\":\"Organization\",\"@id\":\"https:\/\/vulpe.ee\/ru\/#organization\",\"name\":\"Mummud.ee\",\"url\":\"https:\/\/vulpe.ee\/ru\/\",\"logo\":{\"@type\":\"ImageObject\",\"inLanguage\":\"en-US\",\"@id\":\"https:\/\/vulpe.ee\/ru\/#\/schema\/logo\/image\/\",\"url\":\"https:\/\/www.vulpe.ee\/wp-content\/uploads\/2021\/10\/mummudlogo3-1.png\",\"contentUrl\":\"https:\/\/www.vulpe.ee\/wp-content\/uploads\/2021\/10\/mummudlogo3-1.png\",\"width\":500,\"height\":200,\"caption\":\"Mummud.ee\"},\"image\":{\"@id\":\"https:\/\/vulpe.ee\/ru\/#\/schema\/logo\/image\/\"}}]}<\/script>\n<!-- \/ Yoast SEO plugin. -->","yoast_head_json":{"title":"Vulpe Ukraina Unisex pusa - Vulpe","robots":{"index":"index","follow":"follow","max-snippet":"max-snippet:-1","max-image-preview":"max-image-preview:large","max-video-preview":"max-video-preview:-1"},"canonical":"https:\/\/vulpe.ee\/toode\/vulpe-ukraina-unisex-pusa\/","og_locale":"en_US","og_type":"article","og_title":"[:et]Vulpe Ukraina Unisex pusa[:] - Vulpe","og_description":"Ukraina toetuse eri! Kogu tulust annetame 50% Eesti Punasele ristile https:\/\/redcross.ee\/anneta\/ukraina\/","og_url":"https:\/\/www.vulpe.ee\/en\/toode\/vulpe-ukraina-unisex-pusa\/","og_site_name":"Vulpe","article_modified_time":"2022-03-04T11:54:29+00:00","og_image":[{"width":1000,"height":1000,"url":"https:\/\/vulpe.ee\/wp-content\/uploads\/2022\/02\/all-over-print-unisex-sweatshirt-white-front-621cb83d9f29d.jpg","type":"image\/jpeg"}],"twitter_card":"summary_large_image","schema":{"@context":"https:\/\/schema.org","@graph":[{"@type":"WebPage","@id":"https:\/\/vulpe.ee\/toode\/vulpe-ukraina-unisex-pusa\/","url":"https:\/\/vulpe.ee\/toode\/vulpe-ukraina-unisex-pusa\/","name":"Vulpe Ukraina Unisex pusa","isPartOf":{"@id":"https:\/\/vulpe.ee\/ru\/#website"},"primaryImageOfPage":{"@id":"https:\/\/vulpe.ee\/toode\/vulpe-ukraina-unisex-pusa\/#primaryimage"},"image":{"@id":"https:\/\/vulpe.ee\/toode\/vulpe-ukraina-unisex-pusa\/#primaryimage"},"thumbnailUrl":"https:\/\/vulpe.ee\/wp-content\/uploads\/2022\/02\/all-over-print-unisex-sweatshirt-white-front-621cb83d9f29d.jpg","datePublished":"2022-02-28T11:55:56+00:00","dateModified":"2022-03-04T11:54:29+00:00","breadcrumb":{"@id":"https:\/\/vulpe.ee\/toode\/vulpe-ukraina-unisex-pusa\/#breadcrumb"},"inLanguage":"en-US","potentialAction":[{"@type":"ReadAction","target":["https:\/\/vulpe.ee\/toode\/vulpe-ukraina-unisex-pusa\/"]}]},{"@type":"ImageObject","inLanguage":"en-US","@id":"https:\/\/vulpe.ee\/toode\/vulpe-ukraina-unisex-pusa\/#primaryimage","url":"https:\/\/vulpe.ee\/wp-content\/uploads\/2022\/02\/all-over-print-unisex-sweatshirt-white-front-621cb83d9f29d.jpg","contentUrl":"https:\/\/vulpe.ee\/wp-content\/uploads\/2022\/02\/all-over-print-unisex-sweatshirt-white-front-621cb83d9f29d.jpg","width":1000,"height":1000},{"@type":"BreadcrumbList","@id":"https:\/\/vulpe.ee\/toode\/vulpe-ukraina-unisex-pusa\/#breadcrumb","itemListElement":[{"@type":"ListItem","position":1,"name":"Home","item":"https:\/\/vulpe.ee\/ru\/"},{"@type":"ListItem","position":2,"name":"Pood","item":"https:\/\/vulpe.ee\/ru\/pood\/"},{"@type":"ListItem","position":3,"name":"Vulpe Ukraina Unisex pusa"}]},{"@type":"WebSite","@id":"https:\/\/vulpe.ee\/ru\/#website","url":"https:\/\/vulpe.ee\/ru\/","name":"Vulpe","description":"","publisher":{"@id":"https:\/\/vulpe.ee\/ru\/#organization"},"potentialAction":[{"@type":"SearchAction","target":{"@type":"EntryPoint","urlTemplate":"https:\/\/vulpe.ee\/ru\/?s={search_term_string}"},"query-input":{"@type":"PropertyValueSpecification","valueRequired":true,"valueName":"search_term_string"}}],"inLanguage":"en-US"},{"@type":"Organization","@id":"https:\/\/vulpe.ee\/ru\/#organization","name":"Mummud.ee","url":"https:\/\/vulpe.ee\/ru\/","logo":{"@type":"ImageObject","inLanguage":"en-US","@id":"https:\/\/vulpe.ee\/ru\/#\/schema\/logo\/image\/","url":"https:\/\/www.vulpe.ee\/wp-content\/uploads\/2021\/10\/mummudlogo3-1.png","contentUrl":"https:\/\/www.vulpe.ee\/wp-content\/uploads\/2021\/10\/mummudlogo3-1.png","width":500,"height":200,"caption":"Mummud.ee"},"image":{"@id":"https:\/\/vulpe.ee\/ru\/#\/schema\/logo\/image\/"}}]}},"_links":{"self":[{"href":"https:\/\/www.vulpe.ee\/en\/wp-json\/wp\/v2\/product\/19058","targetHints":{"allow":["GET"]}}],"collection":[{"href":"https:\/\/www.vulpe.ee\/en\/wp-json\/wp\/v2\/product"}],"about":[{"href":"https:\/\/www.vulpe.ee\/en\/wp-json\/wp\/v2\/types\/product"}],"wp:featuredmedia":[{"embeddable":true,"href":"https:\/\/www.vulpe.ee\/en\/wp-json\/wp\/v2\/media\/19068"}],"wp:attachment":[{"href":"https:\/\/www.vulpe.ee\/en\/wp-json\/wp\/v2\/media?parent=19058"}],"wp:term":[{"taxonomy":"product_cat","embeddable":true,"href":"https:\/\/www.vulpe.ee\/en\/wp-json\/wp\/v2\/product_cat?post=19058"},{"taxonomy":"product_tag","embeddable":true,"href":"https:\/\/www.vulpe.ee\/en\/wp-json\/wp\/v2\/product_tag?post=19058"}],"curies":[{"name":"wp","href":"https:\/\/api.w.org\/{rel}","templated":true}]}}