{"id":23141,"date":"2022-11-26T15:18:40","date_gmt":"2022-11-26T15:18:40","guid":{"rendered":"https:\/\/vulpe.ee\/toode\/joulud-seljakott\/"},"modified":"2023-11-09T10:15:18","modified_gmt":"2023-11-09T10:15:18","slug":"joulud-seljakott","status":"publish","type":"product","link":"https:\/\/www.vulpe.ee\/en\/toode\/joulud-seljakott\/","title":{"rendered":"J\u00f5ulud seljakott"},"content":{"rendered":"<p>Kui tunned, et kannad pool oma asjadest kogu aeg kaasas, on see seljakott just sulle! Sellel on ruumikas sisesahtel (taskuga s\u00fclearvuti jaoks) ja peidetud tagatasku k\u00f5ige v\u00e4\u00e4rtuslikumate esemete hoidmiseks.<\/p>\n<p>\u2022 Valmistatud 100% pol\u00fcestrist<br \/>\n\u2022 Kanga kaal: 9,56 untsi\/yd\u00b2 (325 g\/m\u00b2), kaal v\u00f5ib erineda 5%<br \/>\n\u2022 M\u00f5\u00f5dud: 41 cm k\u00f5rgus, 31 cm laius ja 14 cm l\u00e4bim\u00f5\u00f5t<br \/>\n\u2022 Mahutavus: 20 l<br \/>\n\u2022 Maksimaalne kaal: 20 kg<br \/>\n\u2022 Veekindel materjal<br \/>\n\u2022 Suur sisetasku, kus on eraldi tasku 15\u201d s\u00fclearvuti jaoks, koti tagak\u00fcljel lukuga peidetud tasku<br \/>\n\u2022 \u00dclemisel t\u00f5mblukul on 2 liugurit ja iga liuguri k\u00fclge on kinnitatud t\u00f5mbluku t\u00f5mmitsad<br \/>\n\u2022 Siidine vooder, all\u00e4\u00e4red ja pehme v\u00f5rk seljaosa<br \/>\n\u2022 Polsterdatud ergonoomilised kotirihmad plastikust rihmaregulaatoritega<br \/>\n\u2022 Hiinast hangitud t\u00fchjad tootekomponendid<\/p>\n","protected":false},"excerpt":{"rendered":"<p>Kui tunned, et kannad pool oma asjadest kogu aeg kaasas, on see seljakott just sulle! Sellel on ruumikas sisesahtel (taskuga s\u00fclearvuti jaoks) ja peidetud tagatasku k\u00f5ige v\u00e4\u00e4rtuslikumate esemete hoidmiseks. \u2022 Valmistatud 100% pol\u00fcestrist \u2022 Kanga kaal: 9,56 untsi\/yd\u00b2 (325 g\/m\u00b2),&#8230;<\/p>\n","protected":false},"featured_media":23142,"template":"","meta":[],"product_cat":[173,91],"product_tag":[],"class_list":{"0":"post-23141","1":"product","2":"type-product","3":"status-publish","4":"has-post-thumbnail","6":"product_cat-joulud","7":"product_cat-aksessuaarid","9":"first","10":"instock","11":"taxable","12":"shipping-taxable","13":"purchasable","14":"product-type-simple"},"yoast_head":"<!-- This site is optimized with the Yoast SEO plugin v23.5 - https:\/\/yoast.com\/wordpress\/plugins\/seo\/ -->\n<title>J\u00f5ulud seljakott - Vulpe<\/title>\n<meta name=\"robots\" content=\"index, follow, max-snippet:-1, max-image-preview:large, max-video-preview:-1\" \/>\n<link rel=\"canonical\" href=\"https:\/\/vulpe.ee\/toode\/joulud-seljakott\/\" \/>\n<meta property=\"og:locale\" content=\"en_US\" \/>\n<meta property=\"og:locale:alternate\" content=\"et\" \/>\n<meta property=\"og:locale:alternate\" content=\"ru_RU\" \/>\n<meta property=\"og:type\" content=\"article\" \/>\n<meta property=\"og:title\" content=\"J\u00f5ulud seljakott\" \/>\n<meta property=\"og:description\" content=\"Kui tunned, et kannad pool oma asjadest kogu aeg kaasas, on see seljakott just sulle! Sellel on ruumikas sisesahtel (taskuga s\u00fclearvuti jaoks) ja peidetud tagatasku k\u00f5ige v\u00e4\u00e4rtuslikumate esemete hoidmiseks. \u2022 Valmistatud 100% pol\u00fcestrist \u2022 Kanga kaal: 9,56 untsi\/yd\u00b2 (325 g\/m\u00b2),...\" \/>\n<meta property=\"og:url\" content=\"https:\/\/www.vulpe.ee\/en\/toode\/joulud-seljakott\/\" \/>\n<meta property=\"og:site_name\" content=\"Vulpe\" \/>\n<meta property=\"article:modified_time\" content=\"2023-11-09T10:15:18+00:00\" \/>\n<meta property=\"og:image\" content=\"https:\/\/vulpe.ee\/wp-content\/uploads\/2022\/11\/all-over-print-minimalist-backpack-white-front-63822e4507140.jpg\" \/>\n\t<meta property=\"og:image:width\" content=\"2000\" \/>\n\t<meta property=\"og:image:height\" content=\"2000\" \/>\n\t<meta property=\"og:image:type\" content=\"image\/jpeg\" \/>\n<meta name=\"twitter:card\" content=\"summary_large_image\" \/>\n<meta name=\"twitter:label1\" content=\"Est. reading time\" \/>\n\t<meta name=\"twitter:data1\" content=\"1 minute\" \/>\n<script type=\"application\/ld+json\" class=\"yoast-schema-graph\">{\"@context\":\"https:\/\/schema.org\",\"@graph\":[{\"@type\":\"WebPage\",\"@id\":\"https:\/\/vulpe.ee\/toode\/joulud-seljakott\/\",\"url\":\"https:\/\/vulpe.ee\/toode\/joulud-seljakott\/\",\"name\":\"J\u00f5ulud seljakott\",\"isPartOf\":{\"@id\":\"https:\/\/vulpe.ee\/ru\/#website\"},\"primaryImageOfPage\":{\"@id\":\"https:\/\/vulpe.ee\/toode\/joulud-seljakott\/#primaryimage\"},\"image\":{\"@id\":\"https:\/\/vulpe.ee\/toode\/joulud-seljakott\/#primaryimage\"},\"thumbnailUrl\":\"https:\/\/www.vulpe.ee\/wp-content\/uploads\/2022\/11\/all-over-print-minimalist-backpack-white-front-63822e4507140.jpg\",\"datePublished\":\"2022-11-26T15:18:40+00:00\",\"dateModified\":\"2023-11-09T10:15:18+00:00\",\"breadcrumb\":{\"@id\":\"https:\/\/vulpe.ee\/toode\/joulud-seljakott\/#breadcrumb\"},\"inLanguage\":\"en-US\",\"potentialAction\":[{\"@type\":\"ReadAction\",\"target\":[\"https:\/\/vulpe.ee\/toode\/joulud-seljakott\/\"]}]},{\"@type\":\"ImageObject\",\"inLanguage\":\"en-US\",\"@id\":\"https:\/\/vulpe.ee\/toode\/joulud-seljakott\/#primaryimage\",\"url\":\"https:\/\/www.vulpe.ee\/wp-content\/uploads\/2022\/11\/all-over-print-minimalist-backpack-white-front-63822e4507140.jpg\",\"contentUrl\":\"https:\/\/www.vulpe.ee\/wp-content\/uploads\/2022\/11\/all-over-print-minimalist-backpack-white-front-63822e4507140.jpg\",\"width\":2000,\"height\":2000},{\"@type\":\"BreadcrumbList\",\"@id\":\"https:\/\/vulpe.ee\/toode\/joulud-seljakott\/#breadcrumb\",\"itemListElement\":[{\"@type\":\"ListItem\",\"position\":1,\"name\":\"Home\",\"item\":\"https:\/\/vulpe.ee\/ru\/\"},{\"@type\":\"ListItem\",\"position\":2,\"name\":\"Pood\",\"item\":\"https:\/\/vulpe.ee\/ru\/pood\/\"},{\"@type\":\"ListItem\",\"position\":3,\"name\":\"J\u00f5ulud seljakott\"}]},{\"@type\":\"WebSite\",\"@id\":\"https:\/\/vulpe.ee\/ru\/#website\",\"url\":\"https:\/\/vulpe.ee\/ru\/\",\"name\":\"Vulpe\",\"description\":\"\",\"publisher\":{\"@id\":\"https:\/\/vulpe.ee\/ru\/#organization\"},\"potentialAction\":[{\"@type\":\"SearchAction\",\"target\":{\"@type\":\"EntryPoint\",\"urlTemplate\":\"https:\/\/vulpe.ee\/ru\/?s={search_term_string}\"},\"query-input\":{\"@type\":\"PropertyValueSpecification\",\"valueRequired\":true,\"valueName\":\"search_term_string\"}}],\"inLanguage\":\"en-US\"},{\"@type\":\"Organization\",\"@id\":\"https:\/\/vulpe.ee\/ru\/#organization\",\"name\":\"Mummud.ee\",\"url\":\"https:\/\/vulpe.ee\/ru\/\",\"logo\":{\"@type\":\"ImageObject\",\"inLanguage\":\"en-US\",\"@id\":\"https:\/\/vulpe.ee\/ru\/#\/schema\/logo\/image\/\",\"url\":\"https:\/\/www.vulpe.ee\/wp-content\/uploads\/2021\/10\/mummudlogo3-1.png\",\"contentUrl\":\"https:\/\/www.vulpe.ee\/wp-content\/uploads\/2021\/10\/mummudlogo3-1.png\",\"width\":500,\"height\":200,\"caption\":\"Mummud.ee\"},\"image\":{\"@id\":\"https:\/\/vulpe.ee\/ru\/#\/schema\/logo\/image\/\"}}]}<\/script>\n<!-- \/ Yoast SEO plugin. -->","yoast_head_json":{"title":"J\u00f5ulud seljakott - Vulpe","robots":{"index":"index","follow":"follow","max-snippet":"max-snippet:-1","max-image-preview":"max-image-preview:large","max-video-preview":"max-video-preview:-1"},"canonical":"https:\/\/vulpe.ee\/toode\/joulud-seljakott\/","og_locale":"en_US","og_type":"article","og_title":"[:et]J\u00f5ulud seljakott[:] - Vulpe","og_description":"Kui tunned, et kannad pool oma asjadest kogu aeg kaasas, on see seljakott just sulle! Sellel on ruumikas sisesahtel (taskuga s\u00fclearvuti jaoks) ja peidetud tagatasku k\u00f5ige v\u00e4\u00e4rtuslikumate esemete hoidmiseks. \u2022 Valmistatud 100% pol\u00fcestrist \u2022 Kanga kaal: 9,56 untsi\/yd\u00b2 (325 g\/m\u00b2),...","og_url":"https:\/\/www.vulpe.ee\/en\/toode\/joulud-seljakott\/","og_site_name":"Vulpe","article_modified_time":"2023-11-09T10:15:18+00:00","og_image":[{"width":2000,"height":2000,"url":"https:\/\/vulpe.ee\/wp-content\/uploads\/2022\/11\/all-over-print-minimalist-backpack-white-front-63822e4507140.jpg","type":"image\/jpeg"}],"twitter_card":"summary_large_image","twitter_misc":{"Est. reading time":"1 minute"},"schema":{"@context":"https:\/\/schema.org","@graph":[{"@type":"WebPage","@id":"https:\/\/vulpe.ee\/toode\/joulud-seljakott\/","url":"https:\/\/vulpe.ee\/toode\/joulud-seljakott\/","name":"J\u00f5ulud seljakott","isPartOf":{"@id":"https:\/\/vulpe.ee\/ru\/#website"},"primaryImageOfPage":{"@id":"https:\/\/vulpe.ee\/toode\/joulud-seljakott\/#primaryimage"},"image":{"@id":"https:\/\/vulpe.ee\/toode\/joulud-seljakott\/#primaryimage"},"thumbnailUrl":"https:\/\/www.vulpe.ee\/wp-content\/uploads\/2022\/11\/all-over-print-minimalist-backpack-white-front-63822e4507140.jpg","datePublished":"2022-11-26T15:18:40+00:00","dateModified":"2023-11-09T10:15:18+00:00","breadcrumb":{"@id":"https:\/\/vulpe.ee\/toode\/joulud-seljakott\/#breadcrumb"},"inLanguage":"en-US","potentialAction":[{"@type":"ReadAction","target":["https:\/\/vulpe.ee\/toode\/joulud-seljakott\/"]}]},{"@type":"ImageObject","inLanguage":"en-US","@id":"https:\/\/vulpe.ee\/toode\/joulud-seljakott\/#primaryimage","url":"https:\/\/www.vulpe.ee\/wp-content\/uploads\/2022\/11\/all-over-print-minimalist-backpack-white-front-63822e4507140.jpg","contentUrl":"https:\/\/www.vulpe.ee\/wp-content\/uploads\/2022\/11\/all-over-print-minimalist-backpack-white-front-63822e4507140.jpg","width":2000,"height":2000},{"@type":"BreadcrumbList","@id":"https:\/\/vulpe.ee\/toode\/joulud-seljakott\/#breadcrumb","itemListElement":[{"@type":"ListItem","position":1,"name":"Home","item":"https:\/\/vulpe.ee\/ru\/"},{"@type":"ListItem","position":2,"name":"Pood","item":"https:\/\/vulpe.ee\/ru\/pood\/"},{"@type":"ListItem","position":3,"name":"J\u00f5ulud seljakott"}]},{"@type":"WebSite","@id":"https:\/\/vulpe.ee\/ru\/#website","url":"https:\/\/vulpe.ee\/ru\/","name":"Vulpe","description":"","publisher":{"@id":"https:\/\/vulpe.ee\/ru\/#organization"},"potentialAction":[{"@type":"SearchAction","target":{"@type":"EntryPoint","urlTemplate":"https:\/\/vulpe.ee\/ru\/?s={search_term_string}"},"query-input":{"@type":"PropertyValueSpecification","valueRequired":true,"valueName":"search_term_string"}}],"inLanguage":"en-US"},{"@type":"Organization","@id":"https:\/\/vulpe.ee\/ru\/#organization","name":"Mummud.ee","url":"https:\/\/vulpe.ee\/ru\/","logo":{"@type":"ImageObject","inLanguage":"en-US","@id":"https:\/\/vulpe.ee\/ru\/#\/schema\/logo\/image\/","url":"https:\/\/www.vulpe.ee\/wp-content\/uploads\/2021\/10\/mummudlogo3-1.png","contentUrl":"https:\/\/www.vulpe.ee\/wp-content\/uploads\/2021\/10\/mummudlogo3-1.png","width":500,"height":200,"caption":"Mummud.ee"},"image":{"@id":"https:\/\/vulpe.ee\/ru\/#\/schema\/logo\/image\/"}}]}},"_links":{"self":[{"href":"https:\/\/www.vulpe.ee\/en\/wp-json\/wp\/v2\/product\/23141","targetHints":{"allow":["GET"]}}],"collection":[{"href":"https:\/\/www.vulpe.ee\/en\/wp-json\/wp\/v2\/product"}],"about":[{"href":"https:\/\/www.vulpe.ee\/en\/wp-json\/wp\/v2\/types\/product"}],"wp:featuredmedia":[{"embeddable":true,"href":"https:\/\/www.vulpe.ee\/en\/wp-json\/wp\/v2\/media\/23142"}],"wp:attachment":[{"href":"https:\/\/www.vulpe.ee\/en\/wp-json\/wp\/v2\/media?parent=23141"}],"wp:term":[{"taxonomy":"product_cat","embeddable":true,"href":"https:\/\/www.vulpe.ee\/en\/wp-json\/wp\/v2\/product_cat?post=23141"},{"taxonomy":"product_tag","embeddable":true,"href":"https:\/\/www.vulpe.ee\/en\/wp-json\/wp\/v2\/product_tag?post=23141"}],"curies":[{"name":"wp","href":"https:\/\/api.w.org\/{rel}","templated":true}]}}