{"id":23145,"date":"2022-11-26T15:25:45","date_gmt":"2022-11-26T15:25:45","guid":{"rendered":"https:\/\/vulpe.ee\/toode\/puidust-jouluehe\/"},"modified":"2023-11-09T10:15:17","modified_gmt":"2023-11-09T10:15:17","slug":"puidust-jouluehe","status":"publish","type":"product","link":"https:\/\/www.vulpe.ee\/en\/toode\/puidust-jouluehe\/","title":{"rendered":"Puidust J\u00f5uluehe"},"content":{"rendered":"<p>Lisage oma kodule hubane \u00f5hkkond nende kahepoolsete puidust kaunistustega. Valmistatud Hinoki puidust, on need vastupidavad, kuid kerged ja puudutamisel pehmed.<\/p>\n<p>\u2022 Materjal: t\u00e4ismass, naturaalne Hinoki puit<br \/>\n\u2022 Ornamendi paksus 9 mm<br \/>\n\u2022 Kaasas punane lint ja auk, mille kaudu see l\u00e4bi keerata<br \/>\n\u2022 Magnetiline seljaosa<br \/>\n\u2022 Kahepoolne print<\/p>\n<p>See toode on valmistatud spetsiaalselt teile kohe p\u00e4rast tellimuse vormistamist, mist\u00f5ttu kulub meil selle teile tarnimine veidi kauem aega. Toodete tellimine, mitte hulgi valmistamine aitab v\u00e4hendada \u00fcletootmist, seega t\u00e4name teid l\u00e4bim\u00f5eldud ostuotsuste tegemise eest!<\/p>\n","protected":false},"excerpt":{"rendered":"<p>Lisage oma kodule hubane \u00f5hkkond nende kahepoolsete puidust kaunistustega. Valmistatud Hinoki puidust, on need vastupidavad, kuid kerged ja puudutamisel pehmed. \u2022 Materjal: t\u00e4ismass, naturaalne Hinoki puit \u2022 Ornamendi paksus 9 mm \u2022 Kaasas punane lint ja auk, mille kaudu see&#8230;<\/p>\n","protected":false},"featured_media":23153,"template":"","meta":[],"product_cat":[173,91],"product_tag":[],"class_list":{"0":"post-23145","1":"product","2":"type-product","3":"status-publish","4":"has-post-thumbnail","6":"product_cat-joulud","7":"product_cat-aksessuaarid","9":"first","10":"instock","11":"taxable","12":"shipping-taxable","13":"purchasable","14":"product-type-variable"},"yoast_head":"<!-- This site is optimized with the Yoast SEO plugin v23.5 - https:\/\/yoast.com\/wordpress\/plugins\/seo\/ -->\n<title>Puidust J\u00f5uluehe - Vulpe<\/title>\n<meta name=\"robots\" content=\"index, follow, max-snippet:-1, max-image-preview:large, max-video-preview:-1\" \/>\n<link rel=\"canonical\" href=\"https:\/\/vulpe.ee\/ru\/toode\/puidust-jouluehe\/\" \/>\n<meta property=\"og:locale\" content=\"en_US\" \/>\n<meta property=\"og:locale:alternate\" content=\"et\" \/>\n<meta property=\"og:locale:alternate\" content=\"ru_RU\" \/>\n<meta property=\"og:type\" content=\"article\" \/>\n<meta property=\"og:title\" content=\"Puidust J\u00f5uluehe\" \/>\n<meta property=\"og:description\" content=\"Lisage oma kodule hubane \u00f5hkkond nende kahepoolsete puidust kaunistustega. Valmistatud Hinoki puidust, on need vastupidavad, kuid kerged ja puudutamisel pehmed. \u2022 Materjal: t\u00e4ismass, naturaalne Hinoki puit \u2022 Ornamendi paksus 9 mm \u2022 Kaasas punane lint ja auk, mille kaudu see...\" \/>\n<meta property=\"og:url\" content=\"https:\/\/www.vulpe.ee\/en\/toode\/puidust-jouluehe\/\" \/>\n<meta property=\"og:site_name\" content=\"Vulpe\" \/>\n<meta property=\"article:modified_time\" content=\"2023-11-09T10:15:17+00:00\" \/>\n<meta property=\"og:image\" content=\"https:\/\/www.vulpe.ee\/wp-content\/uploads\/2022\/11\/wooden-ornaments-wood-stocking-front-63822fe0a6ff9.jpg\" \/>\n\t<meta property=\"og:image:width\" content=\"2000\" \/>\n\t<meta property=\"og:image:height\" content=\"2000\" \/>\n\t<meta property=\"og:image:type\" content=\"image\/jpeg\" \/>\n<meta name=\"twitter:card\" content=\"summary_large_image\" \/>\n<script type=\"application\/ld+json\" class=\"yoast-schema-graph\">{\"@context\":\"https:\/\/schema.org\",\"@graph\":[{\"@type\":\"WebPage\",\"@id\":\"https:\/\/vulpe.ee\/ru\/toode\/puidust-jouluehe\/\",\"url\":\"https:\/\/vulpe.ee\/ru\/toode\/puidust-jouluehe\/\",\"name\":\"Puidust J\u00f5uluehe\",\"isPartOf\":{\"@id\":\"https:\/\/vulpe.ee\/ru\/#website\"},\"primaryImageOfPage\":{\"@id\":\"https:\/\/vulpe.ee\/ru\/toode\/puidust-jouluehe\/#primaryimage\"},\"image\":{\"@id\":\"https:\/\/vulpe.ee\/ru\/toode\/puidust-jouluehe\/#primaryimage\"},\"thumbnailUrl\":\"https:\/\/www.vulpe.ee\/wp-content\/uploads\/2022\/11\/wooden-ornaments-wood-stocking-front-63822fe0a6ff9.jpg\",\"datePublished\":\"2022-11-26T15:25:45+00:00\",\"dateModified\":\"2023-11-09T10:15:17+00:00\",\"breadcrumb\":{\"@id\":\"https:\/\/vulpe.ee\/ru\/toode\/puidust-jouluehe\/#breadcrumb\"},\"inLanguage\":\"en-US\",\"potentialAction\":[{\"@type\":\"ReadAction\",\"target\":[\"https:\/\/vulpe.ee\/ru\/toode\/puidust-jouluehe\/\"]}]},{\"@type\":\"ImageObject\",\"inLanguage\":\"en-US\",\"@id\":\"https:\/\/vulpe.ee\/ru\/toode\/puidust-jouluehe\/#primaryimage\",\"url\":\"https:\/\/www.vulpe.ee\/wp-content\/uploads\/2022\/11\/wooden-ornaments-wood-stocking-front-63822fe0a6ff9.jpg\",\"contentUrl\":\"https:\/\/www.vulpe.ee\/wp-content\/uploads\/2022\/11\/wooden-ornaments-wood-stocking-front-63822fe0a6ff9.jpg\",\"width\":2000,\"height\":2000},{\"@type\":\"BreadcrumbList\",\"@id\":\"https:\/\/vulpe.ee\/ru\/toode\/puidust-jouluehe\/#breadcrumb\",\"itemListElement\":[{\"@type\":\"ListItem\",\"position\":1,\"name\":\"Home\",\"item\":\"https:\/\/vulpe.ee\/ru\/\"},{\"@type\":\"ListItem\",\"position\":2,\"name\":\"Pood\",\"item\":\"https:\/\/vulpe.ee\/ru\/pood\/\"},{\"@type\":\"ListItem\",\"position\":3,\"name\":\"Puidust J\u00f5uluehe\"}]},{\"@type\":\"WebSite\",\"@id\":\"https:\/\/vulpe.ee\/ru\/#website\",\"url\":\"https:\/\/vulpe.ee\/ru\/\",\"name\":\"Vulpe\",\"description\":\"\",\"publisher\":{\"@id\":\"https:\/\/vulpe.ee\/ru\/#organization\"},\"potentialAction\":[{\"@type\":\"SearchAction\",\"target\":{\"@type\":\"EntryPoint\",\"urlTemplate\":\"https:\/\/vulpe.ee\/ru\/?s={search_term_string}\"},\"query-input\":{\"@type\":\"PropertyValueSpecification\",\"valueRequired\":true,\"valueName\":\"search_term_string\"}}],\"inLanguage\":\"en-US\"},{\"@type\":\"Organization\",\"@id\":\"https:\/\/vulpe.ee\/ru\/#organization\",\"name\":\"Mummud.ee\",\"url\":\"https:\/\/vulpe.ee\/ru\/\",\"logo\":{\"@type\":\"ImageObject\",\"inLanguage\":\"en-US\",\"@id\":\"https:\/\/vulpe.ee\/ru\/#\/schema\/logo\/image\/\",\"url\":\"https:\/\/www.vulpe.ee\/wp-content\/uploads\/2021\/10\/mummudlogo3-1.png\",\"contentUrl\":\"https:\/\/www.vulpe.ee\/wp-content\/uploads\/2021\/10\/mummudlogo3-1.png\",\"width\":500,\"height\":200,\"caption\":\"Mummud.ee\"},\"image\":{\"@id\":\"https:\/\/vulpe.ee\/ru\/#\/schema\/logo\/image\/\"}}]}<\/script>\n<!-- \/ Yoast SEO plugin. -->","yoast_head_json":{"title":"Puidust J\u00f5uluehe - Vulpe","robots":{"index":"index","follow":"follow","max-snippet":"max-snippet:-1","max-image-preview":"max-image-preview:large","max-video-preview":"max-video-preview:-1"},"canonical":"https:\/\/vulpe.ee\/ru\/toode\/puidust-jouluehe\/","og_locale":"en_US","og_type":"article","og_title":"[:et]Puidust J\u00f5uluehe[:] - Vulpe","og_description":"Lisage oma kodule hubane \u00f5hkkond nende kahepoolsete puidust kaunistustega. Valmistatud Hinoki puidust, on need vastupidavad, kuid kerged ja puudutamisel pehmed. \u2022 Materjal: t\u00e4ismass, naturaalne Hinoki puit \u2022 Ornamendi paksus 9 mm \u2022 Kaasas punane lint ja auk, mille kaudu see...","og_url":"https:\/\/www.vulpe.ee\/en\/toode\/puidust-jouluehe\/","og_site_name":"Vulpe","article_modified_time":"2023-11-09T10:15:17+00:00","og_image":[{"width":2000,"height":2000,"url":"https:\/\/www.vulpe.ee\/wp-content\/uploads\/2022\/11\/wooden-ornaments-wood-stocking-front-63822fe0a6ff9.jpg","type":"image\/jpeg"}],"twitter_card":"summary_large_image","schema":{"@context":"https:\/\/schema.org","@graph":[{"@type":"WebPage","@id":"https:\/\/vulpe.ee\/ru\/toode\/puidust-jouluehe\/","url":"https:\/\/vulpe.ee\/ru\/toode\/puidust-jouluehe\/","name":"Puidust J\u00f5uluehe","isPartOf":{"@id":"https:\/\/vulpe.ee\/ru\/#website"},"primaryImageOfPage":{"@id":"https:\/\/vulpe.ee\/ru\/toode\/puidust-jouluehe\/#primaryimage"},"image":{"@id":"https:\/\/vulpe.ee\/ru\/toode\/puidust-jouluehe\/#primaryimage"},"thumbnailUrl":"https:\/\/www.vulpe.ee\/wp-content\/uploads\/2022\/11\/wooden-ornaments-wood-stocking-front-63822fe0a6ff9.jpg","datePublished":"2022-11-26T15:25:45+00:00","dateModified":"2023-11-09T10:15:17+00:00","breadcrumb":{"@id":"https:\/\/vulpe.ee\/ru\/toode\/puidust-jouluehe\/#breadcrumb"},"inLanguage":"en-US","potentialAction":[{"@type":"ReadAction","target":["https:\/\/vulpe.ee\/ru\/toode\/puidust-jouluehe\/"]}]},{"@type":"ImageObject","inLanguage":"en-US","@id":"https:\/\/vulpe.ee\/ru\/toode\/puidust-jouluehe\/#primaryimage","url":"https:\/\/www.vulpe.ee\/wp-content\/uploads\/2022\/11\/wooden-ornaments-wood-stocking-front-63822fe0a6ff9.jpg","contentUrl":"https:\/\/www.vulpe.ee\/wp-content\/uploads\/2022\/11\/wooden-ornaments-wood-stocking-front-63822fe0a6ff9.jpg","width":2000,"height":2000},{"@type":"BreadcrumbList","@id":"https:\/\/vulpe.ee\/ru\/toode\/puidust-jouluehe\/#breadcrumb","itemListElement":[{"@type":"ListItem","position":1,"name":"Home","item":"https:\/\/vulpe.ee\/ru\/"},{"@type":"ListItem","position":2,"name":"Pood","item":"https:\/\/vulpe.ee\/ru\/pood\/"},{"@type":"ListItem","position":3,"name":"Puidust J\u00f5uluehe"}]},{"@type":"WebSite","@id":"https:\/\/vulpe.ee\/ru\/#website","url":"https:\/\/vulpe.ee\/ru\/","name":"Vulpe","description":"","publisher":{"@id":"https:\/\/vulpe.ee\/ru\/#organization"},"potentialAction":[{"@type":"SearchAction","target":{"@type":"EntryPoint","urlTemplate":"https:\/\/vulpe.ee\/ru\/?s={search_term_string}"},"query-input":{"@type":"PropertyValueSpecification","valueRequired":true,"valueName":"search_term_string"}}],"inLanguage":"en-US"},{"@type":"Organization","@id":"https:\/\/vulpe.ee\/ru\/#organization","name":"Mummud.ee","url":"https:\/\/vulpe.ee\/ru\/","logo":{"@type":"ImageObject","inLanguage":"en-US","@id":"https:\/\/vulpe.ee\/ru\/#\/schema\/logo\/image\/","url":"https:\/\/www.vulpe.ee\/wp-content\/uploads\/2021\/10\/mummudlogo3-1.png","contentUrl":"https:\/\/www.vulpe.ee\/wp-content\/uploads\/2021\/10\/mummudlogo3-1.png","width":500,"height":200,"caption":"Mummud.ee"},"image":{"@id":"https:\/\/vulpe.ee\/ru\/#\/schema\/logo\/image\/"}}]}},"_links":{"self":[{"href":"https:\/\/www.vulpe.ee\/en\/wp-json\/wp\/v2\/product\/23145","targetHints":{"allow":["GET"]}}],"collection":[{"href":"https:\/\/www.vulpe.ee\/en\/wp-json\/wp\/v2\/product"}],"about":[{"href":"https:\/\/www.vulpe.ee\/en\/wp-json\/wp\/v2\/types\/product"}],"wp:featuredmedia":[{"embeddable":true,"href":"https:\/\/www.vulpe.ee\/en\/wp-json\/wp\/v2\/media\/23153"}],"wp:attachment":[{"href":"https:\/\/www.vulpe.ee\/en\/wp-json\/wp\/v2\/media?parent=23145"}],"wp:term":[{"taxonomy":"product_cat","embeddable":true,"href":"https:\/\/www.vulpe.ee\/en\/wp-json\/wp\/v2\/product_cat?post=23145"},{"taxonomy":"product_tag","embeddable":true,"href":"https:\/\/www.vulpe.ee\/en\/wp-json\/wp\/v2\/product_tag?post=23145"}],"curies":[{"name":"wp","href":"https:\/\/api.w.org\/{rel}","templated":true}]}}