{"id":23166,"date":"2022-11-26T17:06:47","date_gmt":"2022-11-26T17:06:47","guid":{"rendered":"https:\/\/vulpe.ee\/toode\/joulud-puuvoorik\/"},"modified":"2022-11-26T17:07:27","modified_gmt":"2022-11-26T17:07:27","slug":"joulud-puuvoorik","status":"publish","type":"product","link":"https:\/\/www.vulpe.ee\/en\/toode\/joulud-puuvoorik\/","title":{"rendered":"J\u00f5ulud puuv\u00f5\u00f5rik"},"content":{"rendered":"<p>\u2022 70% pol\u00fcester, 27% puuvill, 3% elastaan<br \/>\n\u2022 Kanga kaal: 8,85 untsi\/yd\u00b2 (300 g\/m\u00b2), kaal v\u00f5ib erineda 2%<br \/>\n\u2022 Pehme puuvillase tunnetusega n\u00e4gu<br \/>\n\u2022 Sees harjatud fliisriie<br \/>\n\u2022 Unisex sobivus<br \/>\n\u2022 Overlocki \u00f5mblused<br \/>\n\u2022 Poolast hangitud t\u00fchjad tootekomponendid<\/p>\n<p>See toode on valmistatud spetsiaalselt teile kohe p\u00e4rast tellimuse vormistamist, mist\u00f5ttu kulub meil selle teile tarnimine veidi kauem aega. Toodete tellimine, mitte hulgi valmistamine aitab v\u00e4hendada \u00fcletootmist, seega t\u00e4name teid l\u00e4bim\u00f5eldud ostuotsuste tegemise eest!<\/p>\n","protected":false},"excerpt":{"rendered":"<p>\u2022 70% pol\u00fcester, 27% puuvill, 3% elastaan \u2022 Kanga kaal: 8,85 untsi\/yd\u00b2 (300 g\/m\u00b2), kaal v\u00f5ib erineda 2% \u2022 Pehme puuvillase tunnetusega n\u00e4gu \u2022 Sees harjatud fliisriie \u2022 Unisex sobivus \u2022 Overlocki \u00f5mblused \u2022 Poolast hangitud t\u00fchjad tootekomponendid See toode&#8230;<\/p>\n","protected":false},"featured_media":23176,"template":"","meta":[],"product_cat":[173,98],"product_tag":[],"class_list":{"0":"post-23166","1":"product","2":"type-product","3":"status-publish","4":"has-post-thumbnail","6":"product_cat-joulud","7":"product_cat-kapuutsita-pusa","9":"first","10":"instock","11":"taxable","12":"shipping-taxable","13":"purchasable","14":"product-type-variable"},"yoast_head":"<!-- This site is optimized with the Yoast SEO plugin v23.5 - https:\/\/yoast.com\/wordpress\/plugins\/seo\/ -->\n<title>J\u00f5ulud puuv\u00f5\u00f5rik - Vulpe<\/title>\n<meta name=\"robots\" content=\"index, follow, max-snippet:-1, max-image-preview:large, max-video-preview:-1\" \/>\n<link rel=\"canonical\" href=\"https:\/\/vulpe.ee\/toode\/joulud-puuvoorik\/\" \/>\n<meta property=\"og:locale\" content=\"en_US\" \/>\n<meta property=\"og:locale:alternate\" content=\"et\" \/>\n<meta property=\"og:locale:alternate\" content=\"ru_RU\" \/>\n<meta property=\"og:type\" content=\"article\" \/>\n<meta property=\"og:title\" content=\"J\u00f5ulud puuv\u00f5\u00f5rik\" \/>\n<meta property=\"og:description\" content=\"\u2022 70% pol\u00fcester, 27% puuvill, 3% elastaan \u2022 Kanga kaal: 8,85 untsi\/yd\u00b2 (300 g\/m\u00b2), kaal v\u00f5ib erineda 2% \u2022 Pehme puuvillase tunnetusega n\u00e4gu \u2022 Sees harjatud fliisriie \u2022 Unisex sobivus \u2022 Overlocki \u00f5mblused \u2022 Poolast hangitud t\u00fchjad tootekomponendid See toode...\" \/>\n<meta property=\"og:url\" content=\"https:\/\/www.vulpe.ee\/en\/toode\/joulud-puuvoorik\/\" \/>\n<meta property=\"og:site_name\" content=\"Vulpe\" \/>\n<meta property=\"article:modified_time\" content=\"2022-11-26T17:07:27+00:00\" \/>\n<meta property=\"og:image\" content=\"https:\/\/vulpe.ee\/wp-content\/uploads\/2022\/11\/all-over-print-unisex-sweatshirt-white-front-6382479417b50.jpg\" \/>\n\t<meta property=\"og:image:width\" content=\"1000\" \/>\n\t<meta property=\"og:image:height\" content=\"1000\" \/>\n\t<meta property=\"og:image:type\" content=\"image\/jpeg\" \/>\n<meta name=\"twitter:card\" content=\"summary_large_image\" \/>\n<script type=\"application\/ld+json\" class=\"yoast-schema-graph\">{\"@context\":\"https:\/\/schema.org\",\"@graph\":[{\"@type\":\"WebPage\",\"@id\":\"https:\/\/vulpe.ee\/toode\/joulud-puuvoorik\/\",\"url\":\"https:\/\/vulpe.ee\/toode\/joulud-puuvoorik\/\",\"name\":\"J\u00f5ulud puuv\u00f5\u00f5rik\",\"isPartOf\":{\"@id\":\"https:\/\/vulpe.ee\/ru\/#website\"},\"primaryImageOfPage\":{\"@id\":\"https:\/\/vulpe.ee\/toode\/joulud-puuvoorik\/#primaryimage\"},\"image\":{\"@id\":\"https:\/\/vulpe.ee\/toode\/joulud-puuvoorik\/#primaryimage\"},\"thumbnailUrl\":\"https:\/\/www.vulpe.ee\/wp-content\/uploads\/2022\/11\/all-over-print-unisex-sweatshirt-white-front-6382479417b50.jpg\",\"datePublished\":\"2022-11-26T17:06:47+00:00\",\"dateModified\":\"2022-11-26T17:07:27+00:00\",\"breadcrumb\":{\"@id\":\"https:\/\/vulpe.ee\/toode\/joulud-puuvoorik\/#breadcrumb\"},\"inLanguage\":\"en-US\",\"potentialAction\":[{\"@type\":\"ReadAction\",\"target\":[\"https:\/\/vulpe.ee\/toode\/joulud-puuvoorik\/\"]}]},{\"@type\":\"ImageObject\",\"inLanguage\":\"en-US\",\"@id\":\"https:\/\/vulpe.ee\/toode\/joulud-puuvoorik\/#primaryimage\",\"url\":\"https:\/\/www.vulpe.ee\/wp-content\/uploads\/2022\/11\/all-over-print-unisex-sweatshirt-white-front-6382479417b50.jpg\",\"contentUrl\":\"https:\/\/www.vulpe.ee\/wp-content\/uploads\/2022\/11\/all-over-print-unisex-sweatshirt-white-front-6382479417b50.jpg\",\"width\":1000,\"height\":1000},{\"@type\":\"BreadcrumbList\",\"@id\":\"https:\/\/vulpe.ee\/toode\/joulud-puuvoorik\/#breadcrumb\",\"itemListElement\":[{\"@type\":\"ListItem\",\"position\":1,\"name\":\"Home\",\"item\":\"https:\/\/vulpe.ee\/ru\/\"},{\"@type\":\"ListItem\",\"position\":2,\"name\":\"Pood\",\"item\":\"https:\/\/vulpe.ee\/ru\/pood\/\"},{\"@type\":\"ListItem\",\"position\":3,\"name\":\"J\u00f5ulud puuv\u00f5\u00f5rik\"}]},{\"@type\":\"WebSite\",\"@id\":\"https:\/\/vulpe.ee\/ru\/#website\",\"url\":\"https:\/\/vulpe.ee\/ru\/\",\"name\":\"Vulpe\",\"description\":\"\",\"publisher\":{\"@id\":\"https:\/\/vulpe.ee\/ru\/#organization\"},\"potentialAction\":[{\"@type\":\"SearchAction\",\"target\":{\"@type\":\"EntryPoint\",\"urlTemplate\":\"https:\/\/vulpe.ee\/ru\/?s={search_term_string}\"},\"query-input\":{\"@type\":\"PropertyValueSpecification\",\"valueRequired\":true,\"valueName\":\"search_term_string\"}}],\"inLanguage\":\"en-US\"},{\"@type\":\"Organization\",\"@id\":\"https:\/\/vulpe.ee\/ru\/#organization\",\"name\":\"Mummud.ee\",\"url\":\"https:\/\/vulpe.ee\/ru\/\",\"logo\":{\"@type\":\"ImageObject\",\"inLanguage\":\"en-US\",\"@id\":\"https:\/\/vulpe.ee\/ru\/#\/schema\/logo\/image\/\",\"url\":\"https:\/\/www.vulpe.ee\/wp-content\/uploads\/2021\/10\/mummudlogo3-1.png\",\"contentUrl\":\"https:\/\/www.vulpe.ee\/wp-content\/uploads\/2021\/10\/mummudlogo3-1.png\",\"width\":500,\"height\":200,\"caption\":\"Mummud.ee\"},\"image\":{\"@id\":\"https:\/\/vulpe.ee\/ru\/#\/schema\/logo\/image\/\"}}]}<\/script>\n<!-- \/ Yoast SEO plugin. -->","yoast_head_json":{"title":"J\u00f5ulud puuv\u00f5\u00f5rik - Vulpe","robots":{"index":"index","follow":"follow","max-snippet":"max-snippet:-1","max-image-preview":"max-image-preview:large","max-video-preview":"max-video-preview:-1"},"canonical":"https:\/\/vulpe.ee\/toode\/joulud-puuvoorik\/","og_locale":"en_US","og_type":"article","og_title":"[:et]J\u00f5ulud puuv\u00f5\u00f5rik[:] - Vulpe","og_description":"\u2022 70% pol\u00fcester, 27% puuvill, 3% elastaan \u2022 Kanga kaal: 8,85 untsi\/yd\u00b2 (300 g\/m\u00b2), kaal v\u00f5ib erineda 2% \u2022 Pehme puuvillase tunnetusega n\u00e4gu \u2022 Sees harjatud fliisriie \u2022 Unisex sobivus \u2022 Overlocki \u00f5mblused \u2022 Poolast hangitud t\u00fchjad tootekomponendid See toode...","og_url":"https:\/\/www.vulpe.ee\/en\/toode\/joulud-puuvoorik\/","og_site_name":"Vulpe","article_modified_time":"2022-11-26T17:07:27+00:00","og_image":[{"width":1000,"height":1000,"url":"https:\/\/vulpe.ee\/wp-content\/uploads\/2022\/11\/all-over-print-unisex-sweatshirt-white-front-6382479417b50.jpg","type":"image\/jpeg"}],"twitter_card":"summary_large_image","schema":{"@context":"https:\/\/schema.org","@graph":[{"@type":"WebPage","@id":"https:\/\/vulpe.ee\/toode\/joulud-puuvoorik\/","url":"https:\/\/vulpe.ee\/toode\/joulud-puuvoorik\/","name":"J\u00f5ulud puuv\u00f5\u00f5rik","isPartOf":{"@id":"https:\/\/vulpe.ee\/ru\/#website"},"primaryImageOfPage":{"@id":"https:\/\/vulpe.ee\/toode\/joulud-puuvoorik\/#primaryimage"},"image":{"@id":"https:\/\/vulpe.ee\/toode\/joulud-puuvoorik\/#primaryimage"},"thumbnailUrl":"https:\/\/www.vulpe.ee\/wp-content\/uploads\/2022\/11\/all-over-print-unisex-sweatshirt-white-front-6382479417b50.jpg","datePublished":"2022-11-26T17:06:47+00:00","dateModified":"2022-11-26T17:07:27+00:00","breadcrumb":{"@id":"https:\/\/vulpe.ee\/toode\/joulud-puuvoorik\/#breadcrumb"},"inLanguage":"en-US","potentialAction":[{"@type":"ReadAction","target":["https:\/\/vulpe.ee\/toode\/joulud-puuvoorik\/"]}]},{"@type":"ImageObject","inLanguage":"en-US","@id":"https:\/\/vulpe.ee\/toode\/joulud-puuvoorik\/#primaryimage","url":"https:\/\/www.vulpe.ee\/wp-content\/uploads\/2022\/11\/all-over-print-unisex-sweatshirt-white-front-6382479417b50.jpg","contentUrl":"https:\/\/www.vulpe.ee\/wp-content\/uploads\/2022\/11\/all-over-print-unisex-sweatshirt-white-front-6382479417b50.jpg","width":1000,"height":1000},{"@type":"BreadcrumbList","@id":"https:\/\/vulpe.ee\/toode\/joulud-puuvoorik\/#breadcrumb","itemListElement":[{"@type":"ListItem","position":1,"name":"Home","item":"https:\/\/vulpe.ee\/ru\/"},{"@type":"ListItem","position":2,"name":"Pood","item":"https:\/\/vulpe.ee\/ru\/pood\/"},{"@type":"ListItem","position":3,"name":"J\u00f5ulud puuv\u00f5\u00f5rik"}]},{"@type":"WebSite","@id":"https:\/\/vulpe.ee\/ru\/#website","url":"https:\/\/vulpe.ee\/ru\/","name":"Vulpe","description":"","publisher":{"@id":"https:\/\/vulpe.ee\/ru\/#organization"},"potentialAction":[{"@type":"SearchAction","target":{"@type":"EntryPoint","urlTemplate":"https:\/\/vulpe.ee\/ru\/?s={search_term_string}"},"query-input":{"@type":"PropertyValueSpecification","valueRequired":true,"valueName":"search_term_string"}}],"inLanguage":"en-US"},{"@type":"Organization","@id":"https:\/\/vulpe.ee\/ru\/#organization","name":"Mummud.ee","url":"https:\/\/vulpe.ee\/ru\/","logo":{"@type":"ImageObject","inLanguage":"en-US","@id":"https:\/\/vulpe.ee\/ru\/#\/schema\/logo\/image\/","url":"https:\/\/www.vulpe.ee\/wp-content\/uploads\/2021\/10\/mummudlogo3-1.png","contentUrl":"https:\/\/www.vulpe.ee\/wp-content\/uploads\/2021\/10\/mummudlogo3-1.png","width":500,"height":200,"caption":"Mummud.ee"},"image":{"@id":"https:\/\/vulpe.ee\/ru\/#\/schema\/logo\/image\/"}}]}},"_links":{"self":[{"href":"https:\/\/www.vulpe.ee\/en\/wp-json\/wp\/v2\/product\/23166","targetHints":{"allow":["GET"]}}],"collection":[{"href":"https:\/\/www.vulpe.ee\/en\/wp-json\/wp\/v2\/product"}],"about":[{"href":"https:\/\/www.vulpe.ee\/en\/wp-json\/wp\/v2\/types\/product"}],"wp:featuredmedia":[{"embeddable":true,"href":"https:\/\/www.vulpe.ee\/en\/wp-json\/wp\/v2\/media\/23176"}],"wp:attachment":[{"href":"https:\/\/www.vulpe.ee\/en\/wp-json\/wp\/v2\/media?parent=23166"}],"wp:term":[{"taxonomy":"product_cat","embeddable":true,"href":"https:\/\/www.vulpe.ee\/en\/wp-json\/wp\/v2\/product_cat?post=23166"},{"taxonomy":"product_tag","embeddable":true,"href":"https:\/\/www.vulpe.ee\/en\/wp-json\/wp\/v2\/product_tag?post=23166"}],"curies":[{"name":"wp","href":"https:\/\/api.w.org\/{rel}","templated":true}]}}