{"id":19086,"date":"2022-02-28T11:59:14","date_gmt":"2022-02-28T11:59:14","guid":{"rendered":"https:\/\/vulpe.ee\/toode\/vulpe-ukraina-naiste-t-sark\/"},"modified":"2022-03-04T11:54:04","modified_gmt":"2022-03-04T11:54:04","slug":"vulpe-ukraina-naiste-t-sark","status":"publish","type":"product","link":"https:\/\/www.vulpe.ee\/ru\/toode\/vulpe-ukraina-naiste-t-sark\/","title":{"rendered":"Vulpe Ukraina naiste T-S\u00e4rk"},"content":{"rendered":"<p>Ukraina toetuse eri!<br \/>\nKogu tulust annetame 50% Eesti Punasele ristile<br \/>\n<a href=\"https:\/\/redcross.ee\/anneta\/ukraina\/\">https:\/\/redcross.ee\/anneta\/ukraina\/<\/a><\/p>\n<p>95% pol\u00fcester, 5% elastaan<br \/>\n\u2022 Veniv materjal, mis ei kaota oma esialgset vormi<br \/>\n\u2022 Toodetud Euroopas<br \/>\n\u2022 Toode ei ole laoartikkel. See on eritellimusel valmistatud<br \/>\n\u2022 Toote v\u00e4rvid v\u00f5ivad erineda sellest, mida n\u00e4ed oma ekraanil<\/p>\n","protected":false},"excerpt":{"rendered":"<p>Ukraina toetuse eri!<br \/>\nKogu tulust annetame 50% Eesti Punasele ristile<br \/>\n<a href=\"https:\/\/redcross.ee\/anneta\/ukraina\/\">https:\/\/redcross.ee\/anneta\/ukraina\/<\/a><\/p>\n","protected":false},"featured_media":19121,"template":"","meta":[],"product_cat":[120,111],"product_tag":[],"class_list":{"0":"post-19086","1":"product","2":"type-product","3":"status-publish","4":"has-post-thumbnail","6":"product_cat-ukraina","7":"product_cat-vulpe","9":"first","10":"instock","11":"taxable","12":"shipping-taxable","13":"purchasable","14":"product-type-variable"},"yoast_head":"<!-- This site is optimized with the Yoast SEO plugin v23.5 - https:\/\/yoast.com\/wordpress\/plugins\/seo\/ -->\n<title>Vulpe Ukraina naiste T-S\u00e4rk - Vulpe<\/title>\n<meta name=\"robots\" content=\"index, follow, max-snippet:-1, max-image-preview:large, max-video-preview:-1\" \/>\n<link rel=\"canonical\" href=\"https:\/\/vulpe.ee\/toode\/vulpe-ukraina-naiste-t-sark\/\" \/>\n<meta property=\"og:locale\" content=\"ru_RU\" \/>\n<meta property=\"og:locale:alternate\" content=\"en_US\" \/>\n<meta property=\"og:locale:alternate\" content=\"et\" \/>\n<meta property=\"og:type\" content=\"article\" \/>\n<meta property=\"og:title\" content=\"Vulpe Ukraina naiste T-S\u00e4rk\" \/>\n<meta property=\"og:description\" content=\"Ukraina toetuse eri! Kogu tulust annetame 50% Eesti Punasele ristile https:\/\/redcross.ee\/anneta\/ukraina\/\" \/>\n<meta property=\"og:url\" content=\"https:\/\/www.vulpe.ee\/ru\/toode\/vulpe-ukraina-naiste-t-sark\/\" \/>\n<meta property=\"og:site_name\" content=\"Vulpe\" \/>\n<meta property=\"article:modified_time\" content=\"2022-03-04T11:54:04+00:00\" \/>\n<meta property=\"og:image\" content=\"https:\/\/www.vulpe.ee\/wp-content\/uploads\/2022\/02\/all-over-print-womens-crew-neck-t-shirt-white-left-621cbb33dbd7e.png\" \/>\n\t<meta property=\"og:image:width\" content=\"2000\" \/>\n\t<meta property=\"og:image:height\" content=\"2000\" \/>\n\t<meta property=\"og:image:type\" content=\"image\/png\" \/>\n<meta name=\"twitter:card\" content=\"summary_large_image\" \/>\n<meta name=\"twitter:label1\" content=\"\u041f\u0440\u0438\u043c\u0435\u0440\u043d\u043e\u0435 \u0432\u0440\u0435\u043c\u044f \u0434\u043b\u044f \u0447\u0442\u0435\u043d\u0438\u044f\" \/>\n\t<meta name=\"twitter:data1\" content=\"1 \u043c\u0438\u043d\u0443\u0442\u0430\" \/>\n<script type=\"application\/ld+json\" class=\"yoast-schema-graph\">{\"@context\":\"https:\/\/schema.org\",\"@graph\":[{\"@type\":\"WebPage\",\"@id\":\"https:\/\/vulpe.ee\/toode\/vulpe-ukraina-naiste-t-sark\/\",\"url\":\"https:\/\/vulpe.ee\/toode\/vulpe-ukraina-naiste-t-sark\/\",\"name\":\"Vulpe Ukraina naiste T-S\u00e4rk\",\"isPartOf\":{\"@id\":\"https:\/\/vulpe.ee\/ru\/#website\"},\"primaryImageOfPage\":{\"@id\":\"https:\/\/vulpe.ee\/toode\/vulpe-ukraina-naiste-t-sark\/#primaryimage\"},\"image\":{\"@id\":\"https:\/\/vulpe.ee\/toode\/vulpe-ukraina-naiste-t-sark\/#primaryimage\"},\"thumbnailUrl\":\"https:\/\/www.vulpe.ee\/wp-content\/uploads\/2022\/02\/all-over-print-womens-crew-neck-t-shirt-white-left-621cbb33dbd7e.png\",\"datePublished\":\"2022-02-28T11:59:14+00:00\",\"dateModified\":\"2022-03-04T11:54:04+00:00\",\"breadcrumb\":{\"@id\":\"https:\/\/vulpe.ee\/toode\/vulpe-ukraina-naiste-t-sark\/#breadcrumb\"},\"inLanguage\":\"ru-RU\",\"potentialAction\":[{\"@type\":\"ReadAction\",\"target\":[\"https:\/\/vulpe.ee\/toode\/vulpe-ukraina-naiste-t-sark\/\"]}]},{\"@type\":\"ImageObject\",\"inLanguage\":\"ru-RU\",\"@id\":\"https:\/\/vulpe.ee\/toode\/vulpe-ukraina-naiste-t-sark\/#primaryimage\",\"url\":\"https:\/\/www.vulpe.ee\/wp-content\/uploads\/2022\/02\/all-over-print-womens-crew-neck-t-shirt-white-left-621cbb33dbd7e.png\",\"contentUrl\":\"https:\/\/www.vulpe.ee\/wp-content\/uploads\/2022\/02\/all-over-print-womens-crew-neck-t-shirt-white-left-621cbb33dbd7e.png\",\"width\":2000,\"height\":2000},{\"@type\":\"BreadcrumbList\",\"@id\":\"https:\/\/vulpe.ee\/toode\/vulpe-ukraina-naiste-t-sark\/#breadcrumb\",\"itemListElement\":[{\"@type\":\"ListItem\",\"position\":1,\"name\":\"Home\",\"item\":\"https:\/\/vulpe.ee\/ru\/\"},{\"@type\":\"ListItem\",\"position\":2,\"name\":\"Pood\",\"item\":\"https:\/\/vulpe.ee\/ru\/pood\/\"},{\"@type\":\"ListItem\",\"position\":3,\"name\":\"Vulpe Ukraina naiste T-S\u00e4rk\"}]},{\"@type\":\"WebSite\",\"@id\":\"https:\/\/vulpe.ee\/ru\/#website\",\"url\":\"https:\/\/vulpe.ee\/ru\/\",\"name\":\"Vulpe\",\"description\":\"\",\"publisher\":{\"@id\":\"https:\/\/vulpe.ee\/ru\/#organization\"},\"potentialAction\":[{\"@type\":\"SearchAction\",\"target\":{\"@type\":\"EntryPoint\",\"urlTemplate\":\"https:\/\/vulpe.ee\/ru\/?s={search_term_string}\"},\"query-input\":{\"@type\":\"PropertyValueSpecification\",\"valueRequired\":true,\"valueName\":\"search_term_string\"}}],\"inLanguage\":\"ru-RU\"},{\"@type\":\"Organization\",\"@id\":\"https:\/\/vulpe.ee\/ru\/#organization\",\"name\":\"Mummud.ee\",\"url\":\"https:\/\/vulpe.ee\/ru\/\",\"logo\":{\"@type\":\"ImageObject\",\"inLanguage\":\"ru-RU\",\"@id\":\"https:\/\/vulpe.ee\/ru\/#\/schema\/logo\/image\/\",\"url\":\"https:\/\/www.vulpe.ee\/wp-content\/uploads\/2021\/10\/mummudlogo3-1.png\",\"contentUrl\":\"https:\/\/www.vulpe.ee\/wp-content\/uploads\/2021\/10\/mummudlogo3-1.png\",\"width\":500,\"height\":200,\"caption\":\"Mummud.ee\"},\"image\":{\"@id\":\"https:\/\/vulpe.ee\/ru\/#\/schema\/logo\/image\/\"}}]}<\/script>\n<!-- \/ Yoast SEO plugin. -->","yoast_head_json":{"title":"Vulpe Ukraina naiste T-S\u00e4rk - Vulpe","robots":{"index":"index","follow":"follow","max-snippet":"max-snippet:-1","max-image-preview":"max-image-preview:large","max-video-preview":"max-video-preview:-1"},"canonical":"https:\/\/vulpe.ee\/toode\/vulpe-ukraina-naiste-t-sark\/","og_locale":"ru_RU","og_type":"article","og_title":"[:et]Vulpe Ukraina naiste T-S\u00e4rk[:] - Vulpe","og_description":"Ukraina toetuse eri! Kogu tulust annetame 50% Eesti Punasele ristile https:\/\/redcross.ee\/anneta\/ukraina\/","og_url":"https:\/\/www.vulpe.ee\/ru\/toode\/vulpe-ukraina-naiste-t-sark\/","og_site_name":"Vulpe","article_modified_time":"2022-03-04T11:54:04+00:00","og_image":[{"width":2000,"height":2000,"url":"https:\/\/www.vulpe.ee\/wp-content\/uploads\/2022\/02\/all-over-print-womens-crew-neck-t-shirt-white-left-621cbb33dbd7e.png","type":"image\/png"}],"twitter_card":"summary_large_image","twitter_misc":{"\u041f\u0440\u0438\u043c\u0435\u0440\u043d\u043e\u0435 \u0432\u0440\u0435\u043c\u044f \u0434\u043b\u044f \u0447\u0442\u0435\u043d\u0438\u044f":"1 \u043c\u0438\u043d\u0443\u0442\u0430"},"schema":{"@context":"https:\/\/schema.org","@graph":[{"@type":"WebPage","@id":"https:\/\/vulpe.ee\/toode\/vulpe-ukraina-naiste-t-sark\/","url":"https:\/\/vulpe.ee\/toode\/vulpe-ukraina-naiste-t-sark\/","name":"Vulpe Ukraina naiste T-S\u00e4rk","isPartOf":{"@id":"https:\/\/vulpe.ee\/ru\/#website"},"primaryImageOfPage":{"@id":"https:\/\/vulpe.ee\/toode\/vulpe-ukraina-naiste-t-sark\/#primaryimage"},"image":{"@id":"https:\/\/vulpe.ee\/toode\/vulpe-ukraina-naiste-t-sark\/#primaryimage"},"thumbnailUrl":"https:\/\/www.vulpe.ee\/wp-content\/uploads\/2022\/02\/all-over-print-womens-crew-neck-t-shirt-white-left-621cbb33dbd7e.png","datePublished":"2022-02-28T11:59:14+00:00","dateModified":"2022-03-04T11:54:04+00:00","breadcrumb":{"@id":"https:\/\/vulpe.ee\/toode\/vulpe-ukraina-naiste-t-sark\/#breadcrumb"},"inLanguage":"ru-RU","potentialAction":[{"@type":"ReadAction","target":["https:\/\/vulpe.ee\/toode\/vulpe-ukraina-naiste-t-sark\/"]}]},{"@type":"ImageObject","inLanguage":"ru-RU","@id":"https:\/\/vulpe.ee\/toode\/vulpe-ukraina-naiste-t-sark\/#primaryimage","url":"https:\/\/www.vulpe.ee\/wp-content\/uploads\/2022\/02\/all-over-print-womens-crew-neck-t-shirt-white-left-621cbb33dbd7e.png","contentUrl":"https:\/\/www.vulpe.ee\/wp-content\/uploads\/2022\/02\/all-over-print-womens-crew-neck-t-shirt-white-left-621cbb33dbd7e.png","width":2000,"height":2000},{"@type":"BreadcrumbList","@id":"https:\/\/vulpe.ee\/toode\/vulpe-ukraina-naiste-t-sark\/#breadcrumb","itemListElement":[{"@type":"ListItem","position":1,"name":"Home","item":"https:\/\/vulpe.ee\/ru\/"},{"@type":"ListItem","position":2,"name":"Pood","item":"https:\/\/vulpe.ee\/ru\/pood\/"},{"@type":"ListItem","position":3,"name":"Vulpe Ukraina naiste T-S\u00e4rk"}]},{"@type":"WebSite","@id":"https:\/\/vulpe.ee\/ru\/#website","url":"https:\/\/vulpe.ee\/ru\/","name":"Vulpe","description":"","publisher":{"@id":"https:\/\/vulpe.ee\/ru\/#organization"},"potentialAction":[{"@type":"SearchAction","target":{"@type":"EntryPoint","urlTemplate":"https:\/\/vulpe.ee\/ru\/?s={search_term_string}"},"query-input":{"@type":"PropertyValueSpecification","valueRequired":true,"valueName":"search_term_string"}}],"inLanguage":"ru-RU"},{"@type":"Organization","@id":"https:\/\/vulpe.ee\/ru\/#organization","name":"Mummud.ee","url":"https:\/\/vulpe.ee\/ru\/","logo":{"@type":"ImageObject","inLanguage":"ru-RU","@id":"https:\/\/vulpe.ee\/ru\/#\/schema\/logo\/image\/","url":"https:\/\/www.vulpe.ee\/wp-content\/uploads\/2021\/10\/mummudlogo3-1.png","contentUrl":"https:\/\/www.vulpe.ee\/wp-content\/uploads\/2021\/10\/mummudlogo3-1.png","width":500,"height":200,"caption":"Mummud.ee"},"image":{"@id":"https:\/\/vulpe.ee\/ru\/#\/schema\/logo\/image\/"}}]}},"_links":{"self":[{"href":"https:\/\/www.vulpe.ee\/ru\/wp-json\/wp\/v2\/product\/19086","targetHints":{"allow":["GET"]}}],"collection":[{"href":"https:\/\/www.vulpe.ee\/ru\/wp-json\/wp\/v2\/product"}],"about":[{"href":"https:\/\/www.vulpe.ee\/ru\/wp-json\/wp\/v2\/types\/product"}],"wp:featuredmedia":[{"embeddable":true,"href":"https:\/\/www.vulpe.ee\/ru\/wp-json\/wp\/v2\/media\/19121"}],"wp:attachment":[{"href":"https:\/\/www.vulpe.ee\/ru\/wp-json\/wp\/v2\/media?parent=19086"}],"wp:term":[{"taxonomy":"product_cat","embeddable":true,"href":"https:\/\/www.vulpe.ee\/ru\/wp-json\/wp\/v2\/product_cat?post=19086"},{"taxonomy":"product_tag","embeddable":true,"href":"https:\/\/www.vulpe.ee\/ru\/wp-json\/wp\/v2\/product_tag?post=19086"}],"curies":[{"name":"wp","href":"https:\/\/api.w.org\/{rel}","templated":true}]}}