{"id":19343,"date":"2022-08-28T14:35:50","date_gmt":"2022-08-28T14:35:50","guid":{"rendered":"https:\/\/vulpe.ee\/toode\/wolf-gang-cartoon-womens\/"},"modified":"2022-08-28T14:36:50","modified_gmt":"2022-08-28T14:36:50","slug":"wolf-gang-cartoon-womens","status":"publish","type":"product","link":"https:\/\/www.vulpe.ee\/ru\/toode\/wolf-gang-cartoon-womens\/","title":{"rendered":"Wolf Gang Cartoon Womens"},"content":{"rendered":"<p>See v\u00f5ib olla k\u00f5ige pehmem ja mugavaim naiste T-s\u00e4rk, mis teil kunagi on. Kombineerige selle tee l\u00f5dvestunud istuvus ja sile kangas teksadega, et luua pingutuseta igap\u00e4evane riietus, v\u00f5i riietage see pintsaku ja kleitp\u00fckstega, et anda \u00e4riline vabaaja v\u00e4limus.<\/p>\n<p>\u2022 100% kammitud ja r\u00f5ngaskedraga puuvill<br \/>\n\u2022 90% puuvill, 10% pol\u00fcester<br \/>\n\u2022 V\u00e4rvid on 52% puuvilla, 48% pol\u00fcestrit<br \/>\n\u2022 Kanga kaal: 142 g\/m\u00b2<br \/>\n\u2022 L\u00f5dvestunud istuvus<br \/>\n\u2022 Eelkahandatud kangas<br \/>\n\u2022 K\u00fclg\u00f5mblusega konstruktsioon<br \/>\n\u2022 P\u00f6\u00f6rdkael<\/p>\n","protected":false},"excerpt":{"rendered":"<p>See v\u00f5ib olla k\u00f5ige pehmem ja mugavaim naiste T-s\u00e4rk, mis teil kunagi on. Kombineerige selle tee l\u00f5dvestunud istuvus ja sile kangas teksadega, et luua pingutuseta igap\u00e4evane riietus, v\u00f5i riietage see pintsaku ja kleitp\u00fckstega, et anda \u00e4riline vabaaja v\u00e4limus. \u2022 100%&#8230;<\/p>\n","protected":false},"featured_media":19364,"template":"","meta":[],"product_cat":[133,132],"product_tag":[],"class_list":{"0":"post-19343","1":"product","2":"type-product","3":"status-publish","4":"has-post-thumbnail","6":"product_cat-cartoon","7":"product_cat-t-sark","9":"first","10":"instock","11":"taxable","12":"shipping-taxable","13":"purchasable","14":"product-type-variable"},"yoast_head":"<!-- This site is optimized with the Yoast SEO plugin v23.5 - https:\/\/yoast.com\/wordpress\/plugins\/seo\/ -->\n<title>Wolf Gang Cartoon Womens - Vulpe<\/title>\n<meta name=\"robots\" content=\"index, follow, max-snippet:-1, max-image-preview:large, max-video-preview:-1\" \/>\n<link rel=\"canonical\" href=\"https:\/\/www.vulpe.ee\/ru\/toode\/wolf-gang-cartoon-womens\/\" \/>\n<meta property=\"og:locale\" content=\"ru_RU\" \/>\n<meta property=\"og:locale:alternate\" content=\"en_US\" \/>\n<meta property=\"og:locale:alternate\" content=\"et\" \/>\n<meta property=\"og:type\" content=\"article\" \/>\n<meta property=\"og:title\" content=\"Wolf Gang Cartoon Womens\" \/>\n<meta property=\"og:description\" content=\"See v\u00f5ib olla k\u00f5ige pehmem ja mugavaim naiste T-s\u00e4rk, mis teil kunagi on. Kombineerige selle tee l\u00f5dvestunud istuvus ja sile kangas teksadega, et luua pingutuseta igap\u00e4evane riietus, v\u00f5i riietage see pintsaku ja kleitp\u00fckstega, et anda \u00e4riline vabaaja v\u00e4limus. \u2022 100%...\" \/>\n<meta property=\"og:url\" content=\"https:\/\/www.vulpe.ee\/ru\/toode\/wolf-gang-cartoon-womens\/\" \/>\n<meta property=\"og:site_name\" content=\"Vulpe\" \/>\n<meta property=\"article:modified_time\" content=\"2022-08-28T14:36:50+00:00\" \/>\n<meta property=\"og:image\" content=\"https:\/\/www.vulpe.ee\/wp-content\/uploads\/2022\/08\/womens-relaxed-t-shirt-black-front-630b7d2ae288d.jpg\" \/>\n\t<meta property=\"og:image:width\" content=\"2000\" \/>\n\t<meta property=\"og:image:height\" content=\"2000\" \/>\n\t<meta property=\"og:image:type\" content=\"image\/jpeg\" \/>\n<meta name=\"twitter:card\" content=\"summary_large_image\" \/>\n<script type=\"application\/ld+json\" class=\"yoast-schema-graph\">{\"@context\":\"https:\/\/schema.org\",\"@graph\":[{\"@type\":\"WebPage\",\"@id\":\"https:\/\/www.vulpe.ee\/toode\/wolf-gang-cartoon-womens\/\",\"url\":\"https:\/\/www.vulpe.ee\/toode\/wolf-gang-cartoon-womens\/\",\"name\":\"Wolf Gang Cartoon Womens\",\"isPartOf\":{\"@id\":\"https:\/\/vulpe.ee\/ru\/#website\"},\"primaryImageOfPage\":{\"@id\":\"https:\/\/www.vulpe.ee\/toode\/wolf-gang-cartoon-womens\/#primaryimage\"},\"image\":{\"@id\":\"https:\/\/www.vulpe.ee\/toode\/wolf-gang-cartoon-womens\/#primaryimage\"},\"thumbnailUrl\":\"https:\/\/www.vulpe.ee\/wp-content\/uploads\/2022\/08\/womens-relaxed-t-shirt-black-front-630b7d2ae288d.jpg\",\"datePublished\":\"2022-08-28T14:35:50+00:00\",\"dateModified\":\"2022-08-28T14:36:50+00:00\",\"breadcrumb\":{\"@id\":\"https:\/\/www.vulpe.ee\/toode\/wolf-gang-cartoon-womens\/#breadcrumb\"},\"inLanguage\":\"ru-RU\",\"potentialAction\":[{\"@type\":\"ReadAction\",\"target\":[\"https:\/\/www.vulpe.ee\/toode\/wolf-gang-cartoon-womens\/\"]}]},{\"@type\":\"ImageObject\",\"inLanguage\":\"ru-RU\",\"@id\":\"https:\/\/www.vulpe.ee\/toode\/wolf-gang-cartoon-womens\/#primaryimage\",\"url\":\"https:\/\/www.vulpe.ee\/wp-content\/uploads\/2022\/08\/womens-relaxed-t-shirt-black-front-630b7d2ae288d.jpg\",\"contentUrl\":\"https:\/\/www.vulpe.ee\/wp-content\/uploads\/2022\/08\/womens-relaxed-t-shirt-black-front-630b7d2ae288d.jpg\",\"width\":2000,\"height\":2000},{\"@type\":\"BreadcrumbList\",\"@id\":\"https:\/\/www.vulpe.ee\/toode\/wolf-gang-cartoon-womens\/#breadcrumb\",\"itemListElement\":[{\"@type\":\"ListItem\",\"position\":1,\"name\":\"Home\",\"item\":\"https:\/\/vulpe.ee\/ru\/\"},{\"@type\":\"ListItem\",\"position\":2,\"name\":\"Pood\",\"item\":\"https:\/\/vulpe.ee\/ru\/pood\/\"},{\"@type\":\"ListItem\",\"position\":3,\"name\":\"Wolf Gang Cartoon Womens\"}]},{\"@type\":\"WebSite\",\"@id\":\"https:\/\/vulpe.ee\/ru\/#website\",\"url\":\"https:\/\/vulpe.ee\/ru\/\",\"name\":\"Vulpe\",\"description\":\"\",\"publisher\":{\"@id\":\"https:\/\/vulpe.ee\/ru\/#organization\"},\"potentialAction\":[{\"@type\":\"SearchAction\",\"target\":{\"@type\":\"EntryPoint\",\"urlTemplate\":\"https:\/\/vulpe.ee\/ru\/?s={search_term_string}\"},\"query-input\":{\"@type\":\"PropertyValueSpecification\",\"valueRequired\":true,\"valueName\":\"search_term_string\"}}],\"inLanguage\":\"ru-RU\"},{\"@type\":\"Organization\",\"@id\":\"https:\/\/vulpe.ee\/ru\/#organization\",\"name\":\"Mummud.ee\",\"url\":\"https:\/\/vulpe.ee\/ru\/\",\"logo\":{\"@type\":\"ImageObject\",\"inLanguage\":\"ru-RU\",\"@id\":\"https:\/\/vulpe.ee\/ru\/#\/schema\/logo\/image\/\",\"url\":\"https:\/\/www.vulpe.ee\/wp-content\/uploads\/2021\/10\/mummudlogo3-1.png\",\"contentUrl\":\"https:\/\/www.vulpe.ee\/wp-content\/uploads\/2021\/10\/mummudlogo3-1.png\",\"width\":500,\"height\":200,\"caption\":\"Mummud.ee\"},\"image\":{\"@id\":\"https:\/\/vulpe.ee\/ru\/#\/schema\/logo\/image\/\"}}]}<\/script>\n<!-- \/ Yoast SEO plugin. -->","yoast_head_json":{"title":"Wolf Gang Cartoon Womens - Vulpe","robots":{"index":"index","follow":"follow","max-snippet":"max-snippet:-1","max-image-preview":"max-image-preview:large","max-video-preview":"max-video-preview:-1"},"canonical":"https:\/\/www.vulpe.ee\/ru\/toode\/wolf-gang-cartoon-womens\/","og_locale":"ru_RU","og_type":"article","og_title":"[:et]Wolf Gang Cartoon Womens[:] - Vulpe","og_description":"See v\u00f5ib olla k\u00f5ige pehmem ja mugavaim naiste T-s\u00e4rk, mis teil kunagi on. Kombineerige selle tee l\u00f5dvestunud istuvus ja sile kangas teksadega, et luua pingutuseta igap\u00e4evane riietus, v\u00f5i riietage see pintsaku ja kleitp\u00fckstega, et anda \u00e4riline vabaaja v\u00e4limus. \u2022 100%...","og_url":"https:\/\/www.vulpe.ee\/ru\/toode\/wolf-gang-cartoon-womens\/","og_site_name":"Vulpe","article_modified_time":"2022-08-28T14:36:50+00:00","og_image":[{"width":2000,"height":2000,"url":"https:\/\/www.vulpe.ee\/wp-content\/uploads\/2022\/08\/womens-relaxed-t-shirt-black-front-630b7d2ae288d.jpg","type":"image\/jpeg"}],"twitter_card":"summary_large_image","schema":{"@context":"https:\/\/schema.org","@graph":[{"@type":"WebPage","@id":"https:\/\/www.vulpe.ee\/toode\/wolf-gang-cartoon-womens\/","url":"https:\/\/www.vulpe.ee\/toode\/wolf-gang-cartoon-womens\/","name":"Wolf Gang Cartoon Womens","isPartOf":{"@id":"https:\/\/vulpe.ee\/ru\/#website"},"primaryImageOfPage":{"@id":"https:\/\/www.vulpe.ee\/toode\/wolf-gang-cartoon-womens\/#primaryimage"},"image":{"@id":"https:\/\/www.vulpe.ee\/toode\/wolf-gang-cartoon-womens\/#primaryimage"},"thumbnailUrl":"https:\/\/www.vulpe.ee\/wp-content\/uploads\/2022\/08\/womens-relaxed-t-shirt-black-front-630b7d2ae288d.jpg","datePublished":"2022-08-28T14:35:50+00:00","dateModified":"2022-08-28T14:36:50+00:00","breadcrumb":{"@id":"https:\/\/www.vulpe.ee\/toode\/wolf-gang-cartoon-womens\/#breadcrumb"},"inLanguage":"ru-RU","potentialAction":[{"@type":"ReadAction","target":["https:\/\/www.vulpe.ee\/toode\/wolf-gang-cartoon-womens\/"]}]},{"@type":"ImageObject","inLanguage":"ru-RU","@id":"https:\/\/www.vulpe.ee\/toode\/wolf-gang-cartoon-womens\/#primaryimage","url":"https:\/\/www.vulpe.ee\/wp-content\/uploads\/2022\/08\/womens-relaxed-t-shirt-black-front-630b7d2ae288d.jpg","contentUrl":"https:\/\/www.vulpe.ee\/wp-content\/uploads\/2022\/08\/womens-relaxed-t-shirt-black-front-630b7d2ae288d.jpg","width":2000,"height":2000},{"@type":"BreadcrumbList","@id":"https:\/\/www.vulpe.ee\/toode\/wolf-gang-cartoon-womens\/#breadcrumb","itemListElement":[{"@type":"ListItem","position":1,"name":"Home","item":"https:\/\/vulpe.ee\/ru\/"},{"@type":"ListItem","position":2,"name":"Pood","item":"https:\/\/vulpe.ee\/ru\/pood\/"},{"@type":"ListItem","position":3,"name":"Wolf Gang Cartoon Womens"}]},{"@type":"WebSite","@id":"https:\/\/vulpe.ee\/ru\/#website","url":"https:\/\/vulpe.ee\/ru\/","name":"Vulpe","description":"","publisher":{"@id":"https:\/\/vulpe.ee\/ru\/#organization"},"potentialAction":[{"@type":"SearchAction","target":{"@type":"EntryPoint","urlTemplate":"https:\/\/vulpe.ee\/ru\/?s={search_term_string}"},"query-input":{"@type":"PropertyValueSpecification","valueRequired":true,"valueName":"search_term_string"}}],"inLanguage":"ru-RU"},{"@type":"Organization","@id":"https:\/\/vulpe.ee\/ru\/#organization","name":"Mummud.ee","url":"https:\/\/vulpe.ee\/ru\/","logo":{"@type":"ImageObject","inLanguage":"ru-RU","@id":"https:\/\/vulpe.ee\/ru\/#\/schema\/logo\/image\/","url":"https:\/\/www.vulpe.ee\/wp-content\/uploads\/2021\/10\/mummudlogo3-1.png","contentUrl":"https:\/\/www.vulpe.ee\/wp-content\/uploads\/2021\/10\/mummudlogo3-1.png","width":500,"height":200,"caption":"Mummud.ee"},"image":{"@id":"https:\/\/vulpe.ee\/ru\/#\/schema\/logo\/image\/"}}]}},"_links":{"self":[{"href":"https:\/\/www.vulpe.ee\/ru\/wp-json\/wp\/v2\/product\/19343","targetHints":{"allow":["GET"]}}],"collection":[{"href":"https:\/\/www.vulpe.ee\/ru\/wp-json\/wp\/v2\/product"}],"about":[{"href":"https:\/\/www.vulpe.ee\/ru\/wp-json\/wp\/v2\/types\/product"}],"wp:featuredmedia":[{"embeddable":true,"href":"https:\/\/www.vulpe.ee\/ru\/wp-json\/wp\/v2\/media\/19364"}],"wp:attachment":[{"href":"https:\/\/www.vulpe.ee\/ru\/wp-json\/wp\/v2\/media?parent=19343"}],"wp:term":[{"taxonomy":"product_cat","embeddable":true,"href":"https:\/\/www.vulpe.ee\/ru\/wp-json\/wp\/v2\/product_cat?post=19343"},{"taxonomy":"product_tag","embeddable":true,"href":"https:\/\/www.vulpe.ee\/ru\/wp-json\/wp\/v2\/product_tag?post=19343"}],"curies":[{"name":"wp","href":"https:\/\/api.w.org\/{rel}","templated":true}]}}